{"id":147,"date":"2011-05-15T16:48:33","date_gmt":"2011-05-15T16:48:33","guid":{"rendered":"https:\/\/sahayata.de\/?page_id=147"},"modified":"2025-06-29T17:06:34","modified_gmt":"2025-06-29T17:06:34","slug":"links","status":"publish","type":"page","link":"https:\/\/sahayata.de\/en\/links\/","title":{"rendered":"Links"},"content":{"rendered":"<p>Betterplace &#8211; Eine \u00a0Zukunft f\u00fcr benachteiligte Kinder in Nepal<\/p>\n<p><a href=\"https:\/\/www.betterplace.org\/de\/projects\/14396\" target=\"_blank\" rel=\"noopener\">Betterplace <\/a><\/p>\n<p><strong>Blickwinkel e.v<\/strong>. unterst\u00fctzt jungen Erwachsenen, vorzugsweise mit einer abgeschlossenen Berufsausbildung, um ihnen einen Aufenthalt in einem au\u00dfereurop\u00e4ischen Kulturkreis zu erm\u00f6glichen. Arbeiten und Leben in ausgew\u00e4hlten soziokulturellen Projekten sollen einen neuen Blickwinkel auf unser Leben in Westeuropa vermitteln.<\/p>\n<p><a href=\"http:\/\/www.blickwinkel-stiftung.de\/de\/\">http:\/\/www.blickwinkel-stiftung.de\/de\/<\/a><\/p>\n<p><strong>Sundarijal Projekt<\/strong><br \/>\nNepalesische Hompage unseres Stra\u00dfenkinderhilfsprojektes<\/p>\n<p><strong>Sundarijal\u00a0 Children\u2019s Home<\/strong><br \/>\n<a href=\"http:\/\/www.s4ch.org\/\" target=\"_blank\" rel=\"noopener noreferrer\">www.s4ch.org<\/a><\/p>\n<p><strong>Rokpa<\/strong><br \/>\nist ein internationales Hilfswerk. Mit ihren rund 150 Projekten unterst\u00fctzen sie in erster Linie die \u00c4rmsten der Armen in den entlegensten Regionen dieser Welt<\/p>\n<p><strong>Rokpa Deutschland<\/strong><br \/>\n<a href=\"http:\/\/www.rokpa.de\/\" target=\"_blank\" rel=\"noopener noreferrer\">http:\/\/www.rokpa.de\/<\/a><\/p>\n<p><strong>Bilder aus Nepal<\/strong><br \/>\n<a href=\"http:\/\/www.bilder-aus-nepal.de\" target=\"_blank\" rel=\"noopener noreferrer\">http:\/\/www.bilder-aus-nepal.de <\/a><br \/>\nBilder vom Leben und der Kultur im Himalayastaat Nepal<\/p>\n<p><strong>Nepal-dia<\/strong><br \/>\n<a href=\"http:\/\/www.nepal-dia.de\" target=\"_blank\" rel=\"noopener noreferrer\">http:\/\/www.nepal-dia.de<\/a><br \/>\nSeite \u00fcber Nepal mit vielen Bildern und Trekingberichten<\/p>\n<p><strong>Nepal Travelguide<\/strong><br \/>\n<a href=\"http:\/\/www.nepal-travelguide.de\" target=\"_blank\" rel=\"noopener noreferrer\">http:\/\/www.nepal-travelguide.de<\/a><br \/>\nNepal Reisef\u00fchrer &#8211; Urlaub und Reisen in Nepal<\/p>\n<p><strong>Nepalwelt.de<\/strong><br \/>\n<a href=\"http:\/\/www.nepalwelt.de\/\" target=\"_blank\" rel=\"noopener noreferrer\">http:\/\/www.nepalwelt.de\/<\/a><br \/>\n&#8230; die nicht kommerzielle Seite \u00fcber Kultur &amp; Trekking, Fotos, Reiseberichte,\u00a0 Ausr\u00fcstungslisten &amp; mehr<\/p>\n<p><strong>Freunde Nepals e.V.<\/strong><br \/>\n<a href=\"http:\/\/www.freunde-nepals.de\/\" target=\"_blank\" rel=\"noopener noreferrer\">http:\/\/www.freunde-nepals.de\/<\/a><br \/>\nWir wollen die Beziehungen und Kontakte zu unserem Partnerland auf kulturellem, wissenschaftlichem, touristischem und karitativem Gebiet pflegen.<\/p>\n<p><strong>Nepalmed e.V.<br \/>\n<\/strong><strong><a href=\"https:\/\/nepalmed.de\/shop\/\" target=\"_blank\" rel=\"noopener\">Shop von Nepalmed <\/a><br \/>\n<\/strong><span style=\"font-size: revert;\">Hier gibt es B\u00fccher und Krimis \u00fcber Nepal. Der Erl\u00f6s geht an Nepal-Med<br \/>\nNepalmed e.V. ist eine Hilfsorganisation und f\u00f6rdert nepalesische Initiativen auf dem Gebiet der Medizin und des Gesundheitswesens<\/span><strong><br \/>\n<\/strong><\/p>\n<p><strong>Gemeinschaftpraxis Dr. Karin Baum | Dr. Thomas Baum <\/strong><br \/>\n<a href=\"http:\/\/www.zap-baum.de\" target=\"_blank\" rel=\"noopener noreferrer\">http:\/\/www.zap-baum.de<\/a><br \/>\nEine Zahnarztpraxis, die Nepalprojekte unterst\u00fctzt.<\/p>\n<p><strong>Friends of DSA &#8211; Building a Future<\/strong><br \/>\n<a href=\"http:\/\/disabledservice.org.np\/\">http:\/\/disabledservice.org.np\/<\/a><br \/>\nFriends of DSA are volunteers and supporters of the Disabled Services Association, a hostel for 34 disabled children, from impoverished families or orphaned, in Bungamati, located in the countryside outside Nepal&#8217;s capital, Kathmandu.<\/p>\n<p><strong>Video DSA Children<\/strong><br \/>\n<a title=\"wlmailhtml:{1CF60451-EE99-45CB-8A3C-78182F67E4E0}mid:\/\/00000171\/!x-usc:https:\/\/www.youtube.com\/watch?v=F4e80bvScI0 STRG + Klicken, um Verkn\u00fcpfung zu folgen\" href=\"https:\/\/www.youtube.com\/watch?v=F4e80bvScI0\">https:\/\/www.youtube.com\/watch?v=F4e80bvScI0<\/a><\/p>\n","protected":false},"excerpt":{"rendered":"<p>Betterplace &#8211; Eine \u00a0Zukunft f\u00fcr benachteiligte Kinder in Nepal Betterplace Blickwinkel e.v. unterst\u00fctzt jungen Erwachsenen, vorzugsweise mit einer abgeschlossenen Berufsausbildung, um ihnen einen Aufenthalt in einem au\u00dfereurop\u00e4ischen Kulturkreis zu erm\u00f6glichen. Arbeiten und Leben in ausgew\u00e4hlten soziokulturellen Projekten sollen einen neuen &hellip; <a href=\"https:\/\/sahayata.de\/en\/links\/\">Continue reading <span class=\"meta-nav\">&rarr;<\/span><\/a><\/p>\n","protected":false},"author":1,"featured_media":0,"parent":0,"menu_order":9,"comment_status":"open","ping_status":"open","template":"","meta":{"footnotes":""},"class_list":["post-147","page","type-page","status-publish","hentry"],"translation":{"provider":"WPGlobus","version":"3.0.2","language":"en","enabled_languages":["de","en"],"languages":{"de":{"title":true,"content":true,"excerpt":false},"en":{"title":false,"content":false,"excerpt":false}}},"_links":{"self":[{"href":"https:\/\/sahayata.de\/en\/wp-json\/wp\/v2\/pages\/147","targetHints":{"allow":["GET"]}}],"collection":[{"href":"https:\/\/sahayata.de\/en\/wp-json\/wp\/v2\/pages"}],"about":[{"href":"https:\/\/sahayata.de\/en\/wp-json\/wp\/v2\/types\/page"}],"author":[{"embeddable":true,"href":"https:\/\/sahayata.de\/en\/wp-json\/wp\/v2\/users\/1"}],"replies":[{"embeddable":true,"href":"https:\/\/sahayata.de\/en\/wp-json\/wp\/v2\/comments?post=147"}],"version-history":[{"count":32,"href":"https:\/\/sahayata.de\/en\/wp-json\/wp\/v2\/pages\/147\/revisions"}],"predecessor-version":[{"id":1801,"href":"https:\/\/sahayata.de\/en\/wp-json\/wp\/v2\/pages\/147\/revisions\/1801"}],"wp:attachment":[{"href":"https:\/\/sahayata.de\/en\/wp-json\/wp\/v2\/media?parent=147"}],"curies":[{"name":"wp","href":"https:\/\/api.w.org\/{rel}","templated":true}]}}