{"id":524,"date":"2012-08-06T19:49:05","date_gmt":"2012-08-06T19:49:05","guid":{"rendered":"https:\/\/sahayata.de\/?page_id=524"},"modified":"2026-02-02T19:16:27","modified_gmt":"2026-02-02T19:16:27","slug":"sahayata-projekt-dsa-lalitpur","status":"publish","type":"page","link":"https:\/\/sahayata.de\/en\/hilfsprojekte\/sahayata-projekt-dsa-lalitpur\/","title":{"rendered":"DSA-Lalitpur Nepal"},"content":{"rendered":"\n<p><span class=\"Apple-converted-space\">&nbsp;<\/span>Youtube: <a href=\"https:\/\/www.youtube.com\/watch?v=QsStRG1bBY0\" target=\"_blank\" rel=\"noreferrer noopener\">Nepali National Anthem in Sign Language<span class=\"Apple-converted-space\">&nbsp;<\/span><\/a><\/p>\n\n\n\n<p>Nepal ist ein kleines Land im Himalaya, eingebettet zwischen China und Indien, mit nahezu hundert verschiedenen Kulturen und Sprachen und mit den h\u00f6chsten Bergen der Welt. Doch Nepal geh\u00f6rt auch zu den \u00e4rmsten L\u00e4ndern der Erde, mehr als 40% der Menschen sind Analphabeten und noch immer k\u00f6nnen sich viele Familien den Schulbesuch ihrer Kinder nicht leisten.<span class=\"Apple-converted-space\">&nbsp;<\/span><\/p>\n\n\n\n<div class=\"wp-block-columns is-layout-flex wp-container-core-columns-is-layout-9d6595d7 wp-block-columns-is-layout-flex\">\n<div class=\"wp-block-column is-layout-flow wp-block-column-is-layout-flow\" style=\"flex-basis:100%\"><div class=\"wp-block-image\">\n<figure class=\"alignleft is-resized\"><a href=\"https:\/\/sahayata.de\/wp-content\/uploads\/P1000569.jpg\"><img decoding=\"async\" src=\"https:\/\/sahayata.de\/wp-content\/uploads\/P1000569-300x225.jpg\" alt=\"\" style=\"width:234px;height:auto\" title=\"P1000569\"\/><\/a><\/figure>\n<\/div>\n\n<div class=\"wp-block-image\">\n<figure class=\"alignleft is-resized\"><a href=\"https:\/\/sahayata.de\/wp-content\/uploads\/little-blind-drummer.jpg\"><img decoding=\"async\" src=\"https:\/\/sahayata.de\/wp-content\/uploads\/little-blind-drummer-300x200.jpg\" alt=\"\" style=\"aspect-ratio:1.5000349821590988;width:265px;height:auto\" title=\"little-blind-drummer\"\/><\/a><\/figure>\n<\/div><\/div>\n<\/div>\n\n\n\n<div class=\"wp-block-columns is-layout-flex wp-container-core-columns-is-layout-9d6595d7 wp-block-columns-is-layout-flex\">\n<div class=\"wp-block-column is-layout-flow wp-block-column-is-layout-flow\" style=\"flex-basis:100%\"><\/div>\n<\/div>\n\n\n\n<p>Besonders schwierig ist die Situation f\u00fcr behinderte Menschen. Es gibt kaum Stra\u00dfen und Infrastruktur, die medizinische Versorgung, besonders auf dem Land, ist sehr mangelhaft.<\/p>\n\n\n\n<p>Dazu werden gerade behinderte Menschen selbst in den eigenen Familien ausgegrenzt, meist aus Unwissenheit \u00fcber die wahren Ursachen der Behinderung.<span class=\"Apple-converted-space\">&nbsp;<\/span><\/p>\n\n\n\n<p>In Nepal gibt es \u00fcber 260.000 Haushalte, in denen sehbehinderte Menschen leben.<\/p>\n\n\n\n<p>Die Anzahl der blinden Kinder in Nepal wird auf ca. 30.000 gesch\u00e4tzt. Wie in vielen Entwicklungsl\u00e4ndern ist auch in Nepal der Hauptgrund f\u00fcr Blindheit oft nur ein Mangel an Vitamin A in der Nahrung oder schlechte hygienische Verh\u00e4ltnisse.<span class=\"Apple-converted-space\">&nbsp;<\/span><\/p>\n\n\n\n<p>Youtube: <a href=\"https:\/\/www.youtube.com\/watch?v=NqtP_C3VsJQ\" target=\"_blank\" rel=\"noreferrer noopener\">Meet the children of DSA Bungamati<\/a><\/p>\n\n\n\n<p>Bei einem meiner Besuche in Nepal lernte ich 2010 ein kleines Kinderheim etwas au\u00dferhalb der Hauptstadt Kathmandu kennen. Dort werden blinde, geh\u00f6rlose und k\u00f6rperlich beeintr\u00e4chtigte Kinder unterrichtet und wenn m\u00f6glich, in die normale Schule integriert.<\/p>\n\n\n\n<p>Die Bedingungen waren 2010 \u00e4u\u00dferst d\u00fcrftig und es musste dringend geholfen werden. Es fehlte an vielem, wie z.B. Blindenschreibmaschinen, tastbares Anschauungsmaterial und das ben\u00f6tigte Spezialpapier um Unterrichtsmaterialien herzustellen.<\/p>\n\n\n\n<p>Aber ohne Bildung haben die Kinder keine Chance auf ein selbstbestimmtes Leben, auf eine kleine M\u00f6glichkeit ihren Lebensunterhalt einmal selbst zu verdienen. Das Engagement der Lehrer und die Freude und Aufgeschlossenheit der Kinder die hier, oft weit entfernt von ihren Eltern leben, haben mich sehr beeindruckt und tun es immer noch.<span class=\"Apple-converted-space\">&nbsp;<\/span><\/p>\n\n\n\n<p>DSA 2010 \u201cDSA-Lalitpur-Nepal\u201d <a href=\"https:\/\/www.youtube.com\/watch?v=VJXeWbRU0GU\" target=\"_blank\" rel=\"noreferrer noopener\">https:\/\/www.youtube.com\/watch?v=VJXeWbRU0GU<\/a><\/p>\n\n\n\n<p>DSA 2012 \u201cDSA Children 2012&#8243; <a href=\"https:\/\/www.youtube.com\/watch?v=F4e80bvScI0\" target=\"_blank\" rel=\"noreferrer noopener\">https:\/\/www.youtube.com\/watch?v=F4e80bvScI0<\/a><\/p>\n\n\n<div class=\"wp-block-image\">\n<figure class=\"alignleft is-resized\"><a href=\"https:\/\/sahayata.de\/wp-content\/uploads\/luck1.jpg\"><img loading=\"lazy\" decoding=\"async\" width=\"230\" height=\"300\" src=\"https:\/\/sahayata.de\/wp-content\/uploads\/luck1-230x300.jpg\" alt=\"\" class=\"wp-image-690\" style=\"aspect-ratio:0.7666722436004685;width:211px;height:auto\" title=\"luck\" srcset=\"https:\/\/sahayata.de\/wp-content\/uploads\/luck1-230x300.jpg 230w, https:\/\/sahayata.de\/wp-content\/uploads\/luck1-788x1024.jpg 788w, https:\/\/sahayata.de\/wp-content\/uploads\/luck1.jpg 1257w\" sizes=\"auto, (max-width: 230px) 100vw, 230px\" \/><\/a><\/figure>\n<\/div>\n\n<div class=\"wp-block-image\">\n<figure class=\"alignleft is-resized\"><a href=\"https:\/\/sahayata.de\/wp-content\/uploads\/reihe1.jpg\"><img loading=\"lazy\" decoding=\"async\" width=\"300\" height=\"215\" src=\"https:\/\/sahayata.de\/wp-content\/uploads\/reihe1-300x215.jpg\" alt=\"\" class=\"wp-image-692\" style=\"aspect-ratio:1.395358518055989;width:385px;height:auto\" title=\"reihe\" srcset=\"https:\/\/sahayata.de\/wp-content\/uploads\/reihe1-300x215.jpg 300w, https:\/\/sahayata.de\/wp-content\/uploads\/reihe1.jpg 410w\" sizes=\"auto, (max-width: 300px) 100vw, 300px\" \/><\/a><\/figure>\n<\/div>\n\n\n<div class=\"wp-block-columns is-layout-flex wp-container-core-columns-is-layout-9d6595d7 wp-block-columns-is-layout-flex\">\n<div class=\"wp-block-column is-layout-flow wp-block-column-is-layout-flow\"><\/div>\n<\/div>\n\n\n\n<p><\/p>\n\n\n\n<p><\/p>\n\n\n\n<p><\/p>\n\n\n\n<p><\/p>\n\n\n\n<p>Zuerst wurden in Deutschland Blindenschreibmaschinen, Papier und taktile Hilfsmittel gesammelt und nach Nepal geschickt.<\/p>\n\n\n\n<p>Die Einrichtung erhielt au\u00dferdem Geld f\u00fcr die Unterbringung und das Schulmaterial der Kinder. Oft kamen Leute, die ihre Kinder auch in dieser Schule unterbringen wollten, aber die Verh\u00e4ltnisse waren so schon sehr schlecht.<\/p>\n\n\n\n<p>So musste dringend ein neues Internat gebaut werden, was auch mit Hilfe zweier Stiftungen gelang. So konnte im Januar 2016 das neue Internat eingeweiht werden.<\/p>\n\n\n\n<p>Vierzig Kinder finden hier eine behindertenfreundliche und kindgerechte Unterkunft.<span class=\"Apple-converted-space\">&nbsp;<\/span><\/p>\n\n\n\n<p>Youtube: <a href=\"https:\/\/www.youtube.com\/watch?v=A0gAZFkUlRk\" target=\"_blank\" rel=\"noreferrer noopener\">Wir bauen ein Haus<\/a><\/p>\n\n\n\n<figure class=\"wp-block-gallery has-nested-images columns-default is-cropped wp-block-gallery-1 is-layout-flex wp-block-gallery-is-layout-flex\">\n<figure class=\"wp-block-image size-large is-resized\"><a href=\"https:\/\/sahayata.de\/wp-content\/uploads\/image-2.png\"><img loading=\"lazy\" decoding=\"async\" width=\"617\" height=\"463\" data-id=\"1870\" src=\"https:\/\/sahayata.de\/wp-content\/uploads\/image-2.png\" alt=\"\" class=\"wp-image-1870\" style=\"width:415px;height:auto\" srcset=\"https:\/\/sahayata.de\/wp-content\/uploads\/image-2.png 617w, https:\/\/sahayata.de\/wp-content\/uploads\/image-2-300x225.png 300w\" sizes=\"auto, (max-width: 617px) 100vw, 617px\" \/><\/a><\/figure>\n\n\n\n<figure class=\"wp-block-image size-large\"><a href=\"https:\/\/sahayata.de\/wp-content\/uploads\/image-3.png\"><img loading=\"lazy\" decoding=\"async\" width=\"659\" height=\"437\" data-id=\"1871\" src=\"https:\/\/sahayata.de\/wp-content\/uploads\/image-3.png\" alt=\"\" class=\"wp-image-1871\" srcset=\"https:\/\/sahayata.de\/wp-content\/uploads\/image-3.png 659w, https:\/\/sahayata.de\/wp-content\/uploads\/image-3-300x199.png 300w\" sizes=\"auto, (max-width: 659px) 100vw, 659px\" \/><\/a><\/figure>\n<\/figure>\n\n\n\n<p>Das gro\u00dfe Erdbeben 2015 in Nepal stellte unsere Projektarbeit vor besondere Herausforderungen. Trotzdem gelang es schnell Hilfsmittel und Spendengelder zu organisieren und die Sch\u00e4den etwas zu begrenzen.<span class=\"Apple-converted-space\">&nbsp;<\/span><\/p>\n\n\n\n<p>Youtube: <a href=\"https:\/\/www.youtube.com\/watch?v=cYlWmNNoUHQ\" target=\"_blank\" rel=\"noreferrer noopener\">Bungamati Mai 2015<\/a><\/p>\n\n\n\n<p>Youtube:&nbsp;<a href=\"https:\/\/www.youtube.com\/watch?v=B0qZytoY218\" target=\"_blank\" rel=\"noreferrer noopener\">Bungamati Disabled Service Association Mai 2015<\/a><\/p>\n\n\n\n<p>Youtube: <a href=\"https:\/\/www.youtube.com\/watch?v=zYNEEYhkpr0\" target=\"_blank\" rel=\"noreferrer noopener\">DSA Holi 2016<\/a><\/p>\n\n\n\n<p>Youtube: <a href=\"https:\/\/www.youtube.com\/watch?v=f0iZyBcLoFU\" target=\"_blank\" rel=\"noreferrer noopener\">Music-DSA-2020<\/a><\/p>\n\n\n\n<p>Im April 2023 konnte die Disabled Service Association (DSA) das 25- j\u00e4hrige Jubil\u00e4um feiern.<\/p>\n\n\n\n<p>L\u00e4ngst haben sich die Kinder in ihrem Distrikt einen Namen mit exzellenten Musik- und Tanzdarbietungen, den k\u00fcnstlerischen Arbeiten und der Textilgestaltung einen Namen gemacht. Zahlreiche Auszeichnungen und Preise, die Sch\u00fcler und Einrichtung erhielten, zeugen davon.<\/p>\n\n\n\n<p>Die ersten blinden Sch\u00fcler schlossen die Universit\u00e4t ab und arbeiten bereits als Lehrer. Jeder Sch\u00fcler soll Unterricht und eine Berufsvorbereitung entsprechend seiner F\u00e4higkeiten erhalten. Leider sind Schul- und Ausbildungskosten sehr hoch und es gibt keine staatlichen Zusch\u00fcsse.<\/p>\n\n\n\n<p>Das Projekt muss sich durch Spenden finanzieren.<span class=\"Apple-converted-space\">&nbsp;<\/span><\/p>\n\n\n\n<figure class=\"wp-block-image size-large is-resized\"><a href=\"https:\/\/sahayata.de\/wp-content\/uploads\/image-4.png\"><img loading=\"lazy\" decoding=\"async\" width=\"1024\" height=\"768\" src=\"https:\/\/sahayata.de\/wp-content\/uploads\/image-4-1024x768.png\" alt=\"\" class=\"wp-image-1872\" style=\"width:762px;height:auto\" srcset=\"https:\/\/sahayata.de\/wp-content\/uploads\/image-4-1024x768.png 1024w, https:\/\/sahayata.de\/wp-content\/uploads\/image-4-300x225.png 300w, https:\/\/sahayata.de\/wp-content\/uploads\/image-4-768x576.png 768w, https:\/\/sahayata.de\/wp-content\/uploads\/image-4.png 1124w\" sizes=\"auto, (max-width: 1024px) 100vw, 1024px\" \/><\/a><\/figure>\n\n\n\n<p><a href=\"https:\/\/www.youtube.com\/watch?v=HJocsx5OxyQ\" target=\"_blank\" rel=\"noreferrer noopener\">New Nepali Inspirational Video Song 2016 &#8211; Hamilai | Disabled Service Association (DSA) &#8211; YouTube<\/a><\/p>\n\n\n\n<p>Wir sind sehr stolz, dass wir verl\u00e4ssliche Paten f\u00fcr diese Schule und die Kinder sein k\u00f6nnen. Man bekommt unwahrscheinlich viel von den Kindern zur\u00fcck.<\/p>\n\n\n\n<p>Noch warten viele behinderte Kinder im Distrikt auf eine Chance zum Lernen, bitte unterst\u00fctzen Sie die Disabled Service Association in Bungamati \u00fcber den Verein SAHAYATA e.V mit einer Spende oder einer Mitgliedschaft. Auch eine Patenschaft \u00fcber einzelne Sch\u00fcler ist m\u00f6glich.<span class=\"Apple-converted-space\">&nbsp;<\/span><\/p>\n\n\n\n<p><a href=\"https:\/\/www.betterplace.org\/de\/projects\/14396?utm_campaign=ShortURLs&amp;utm_medium=project_14396&amp;utm_source=PlainShortURL\" target=\"_blank\" rel=\"noreferrer noopener\">Schauen Sie einfach auf unseren Blog auf www.betterplace.org<\/a>&nbsp;<\/p>\n\n\n\n<p>Herzlichen Dank!<\/p>\n\n\n\n<p>Heike Vehma<\/p>\n\n\n\n<p><\/p>\n\n\n\n<p>&nbsp;<\/p>\n\n\n\nZwei Jugendliche vom DSA (Disabled Service Assosiation) &#8211; <strong><a href=\"https:\/\/sahayata.de\/wp-content\/uploads\/2021-10_DSA_Vorstellung_Sunil.pdf\" target=\"_blank\" rel=\"noreferrer noopener\" aria-label=\" (\u00f6ffnet in neuem Tab)\">Sunil&nbsp;<\/a><\/strong>und <a href=\"https:\/\/sahayata.de\/wp-content\/uploads\/2021-12-DSA_Vorstellung_Binayak_Rai.pdf\" target=\"_blank\" rel=\"noreferrer noopener\" aria-label=\" (\u00f6ffnet in neuem Tab)\"><strong>Binayak Rai<\/strong><\/a> &#8211; stellen sich vor (2021).\n\n\n\n<\/p>\n<p style=\"text-align: justify;\">\n","protected":false},"excerpt":{"rendered":"<p>&nbsp;Youtube: Nepali National Anthem in Sign Language&nbsp; Nepal ist ein kleines Land im Himalaya, eingebettet zwischen China und Indien, mit nahezu hundert verschiedenen Kulturen und Sprachen und mit den h\u00f6chsten Bergen der Welt. Doch Nepal geh\u00f6rt auch zu den \u00e4rmsten &hellip; <a href=\"https:\/\/sahayata.de\/en\/hilfsprojekte\/sahayata-projekt-dsa-lalitpur\/\">Continue reading <span class=\"meta-nav\">&rarr;<\/span><\/a><\/p>\n","protected":false},"author":1,"featured_media":0,"parent":9,"menu_order":2,"comment_status":"closed","ping_status":"open","template":"","meta":{"footnotes":""},"class_list":["post-524","page","type-page","status-publish","hentry"],"translation":{"provider":"WPGlobus","version":"3.0.2","language":"en","enabled_languages":["de","en"],"languages":{"de":{"title":true,"content":true,"excerpt":false},"en":{"title":false,"content":false,"excerpt":false}}},"_links":{"self":[{"href":"https:\/\/sahayata.de\/en\/wp-json\/wp\/v2\/pages\/524","targetHints":{"allow":["GET"]}}],"collection":[{"href":"https:\/\/sahayata.de\/en\/wp-json\/wp\/v2\/pages"}],"about":[{"href":"https:\/\/sahayata.de\/en\/wp-json\/wp\/v2\/types\/page"}],"author":[{"embeddable":true,"href":"https:\/\/sahayata.de\/en\/wp-json\/wp\/v2\/users\/1"}],"replies":[{"embeddable":true,"href":"https:\/\/sahayata.de\/en\/wp-json\/wp\/v2\/comments?post=524"}],"version-history":[{"count":29,"href":"https:\/\/sahayata.de\/en\/wp-json\/wp\/v2\/pages\/524\/revisions"}],"predecessor-version":[{"id":1889,"href":"https:\/\/sahayata.de\/en\/wp-json\/wp\/v2\/pages\/524\/revisions\/1889"}],"up":[{"embeddable":true,"href":"https:\/\/sahayata.de\/en\/wp-json\/wp\/v2\/pages\/9"}],"wp:attachment":[{"href":"https:\/\/sahayata.de\/en\/wp-json\/wp\/v2\/media?parent=524"}],"curies":[{"name":"wp","href":"https:\/\/api.w.org\/{rel}","templated":true}]}}