{"id":717,"date":"2012-10-08T18:39:51","date_gmt":"2012-10-08T18:39:51","guid":{"rendered":"https:\/\/sahayata.de\/?page_id=717"},"modified":"2025-10-22T17:27:54","modified_gmt":"2025-10-22T17:27:54","slug":"shop","status":"publish","type":"page","link":"https:\/\/sahayata.de\/en\/shop\/","title":{"rendered":"Shop"},"content":{"rendered":"<p><strong>Kaufen hilft!<\/strong><\/p>\n<p><strong>Mit dem Kauf unserer Kalender, Poster und Postkarten unterst\u00fctzen Sie unsere SAHAYATA Projekte Sundarijal, DSA und Indonesien. <\/strong><\/p>\n<p>Dieses Jahr bieten wir die Kalender in 2 Gr\u00f6\u00dfen (DIN A 4 und DIN A 3) an.<br \/>Bitte bei der Bestellung mit angeben<\/p>\n<p><span style=\"color: #ff0000;\"><strong>Wir bitten Euch, die Kalender bis zum 15.11.2025 \u00a0bei <a href=\"mailto:info@sahayata.de\">info@sahayata.de<\/a> zu bestellen.<br \/><\/strong><\/span><\/p>\n<p>Die Fotos wurden von verschiedenen Sahayata Mitgliedern aufgenommen. Vielen Dank hier besonders an Adelheid Schneider, die die meisten Bilder zur Verf\u00fcgung gestellt hat.<\/p>\n<p>Unterst\u00fctzt und hergestellt wurden die Kalender von\u00a0<a title=\"SaalDigital Kalender\" href=\"http:\/\/www.saal-digital.de\" target=\"_blank\" rel=\"noopener noreferrer\"> SaalDigital<\/a>.<\/p>\n<p><a title=\"SaalDigital Kalender\" href=\"http:\/\/www.saal-digital.de\" target=\"_blank\" rel=\"noopener noreferrer\"><img loading=\"lazy\" decoding=\"async\" class=\"wp-image-763 aligncenter\" title=\"Logo_foto_rz_url\" src=\"https:\/\/sahayata.de\/wp-content\/uploads\/Logo_foto_rz_url.png\" alt=\"\" width=\"165\" height=\"78\" srcset=\"https:\/\/sahayata.de\/wp-content\/uploads\/Logo_foto_rz_url.png 591w, https:\/\/sahayata.de\/wp-content\/uploads\/Logo_foto_rz_url-300x141.png 300w\" sizes=\"auto, (max-width: 165px) 100vw, 165px\" \/><\/a><\/p>\n<h3 style=\"text-align: center;\">\u00a0<strong>Kalender DIN A 4: Preis 13,00\u20ac zuz\u00fcglich <a href=\"#Versandkosten\">Versandkosten<\/a><br \/><\/strong><\/h3>\n<h3 style=\"text-align: center;\"><strong>Kalender DIN A 3: Preis 20,00\u20ac zuz\u00fcglich <a href=\"#Versandkosten\">Versandkosten<\/a><\/strong><\/h3>\n<p><a href=\"https:\/\/sahayata.de\/wp-content\/uploads\/Tier30x20-2026.pdf\" target=\"_blank\" rel=\"noopener\" data-wp-editing=\"1\"><img loading=\"lazy\" decoding=\"async\" class=\"alignnone size-full wp-image-1816\" src=\"https:\/\/sahayata.de\/wp-content\/uploads\/Tier30x20-2026_1.png\" alt=\"\" width=\"2264\" height=\"1508\" srcset=\"https:\/\/sahayata.de\/wp-content\/uploads\/Tier30x20-2026_1.png 2264w, https:\/\/sahayata.de\/wp-content\/uploads\/Tier30x20-2026_1-300x200.png 300w, https:\/\/sahayata.de\/wp-content\/uploads\/Tier30x20-2026_1-1024x682.png 1024w, https:\/\/sahayata.de\/wp-content\/uploads\/Tier30x20-2026_1-768x512.png 768w, https:\/\/sahayata.de\/wp-content\/uploads\/Tier30x20-2026_1-1536x1023.png 1536w, https:\/\/sahayata.de\/wp-content\/uploads\/Tier30x20-2026_1-2048x1364.png 2048w\" sizes=\"auto, (max-width: 2264px) 100vw, 2264px\" \/><\/a><\/p>\n<p style=\"text-align: center;\"><a href=\"https:\/\/sahayata.de\/wp-content\/uploads\/Tier30x20-2026.pdf\" target=\"_blank\" rel=\"noopener\">Fl\u00fcgel und F\u00e4hrten<\/a><\/p>\n<p>\u00a0<\/p>\n<p style=\"text-align: center;\"><a href=\"https:\/\/sahayata.de\/wp-content\/uploads\/Welt-20x30-2026.pdf\" target=\"_blank\" rel=\"noopener\"><img loading=\"lazy\" decoding=\"async\" class=\"alignnone size-full wp-image-1815\" src=\"https:\/\/sahayata.de\/wp-content\/uploads\/Welt-20x30-2026_1-scaled.png\" alt=\"\" width=\"2560\" height=\"1705\" srcset=\"https:\/\/sahayata.de\/wp-content\/uploads\/Welt-20x30-2026_1-scaled.png 2560w, https:\/\/sahayata.de\/wp-content\/uploads\/Welt-20x30-2026_1-300x200.png 300w, https:\/\/sahayata.de\/wp-content\/uploads\/Welt-20x30-2026_1-1024x682.png 1024w, https:\/\/sahayata.de\/wp-content\/uploads\/Welt-20x30-2026_1-768x511.png 768w, https:\/\/sahayata.de\/wp-content\/uploads\/Welt-20x30-2026_1-1536x1023.png 1536w, https:\/\/sahayata.de\/wp-content\/uploads\/Welt-20x30-2026_1-2048x1364.png 2048w\" sizes=\"auto, (max-width: 2560px) 100vw, 2560px\" \/><\/a><\/p>\n<p style=\"text-align: center;\"><a href=\"https:\/\/sahayata.de\/wp-content\/uploads\/Welt-20x30-2026.pdf\" target=\"_blank\" rel=\"noopener\">Colors of the World 2026<\/a><\/p>\n<p>\u00a0<\/p>\n<p style=\"text-align: center;\"><a href=\"https:\/\/sahayata.de\/wp-content\/uploads\/Macro20x30-2026.pdf\" target=\"_blank\" rel=\"noopener\"><img loading=\"lazy\" decoding=\"async\" class=\"alignnone size-full wp-image-1814\" src=\"https:\/\/sahayata.de\/wp-content\/uploads\/Macro20x30-2026_1-scaled.png\" alt=\"\" width=\"2560\" height=\"1705\" srcset=\"https:\/\/sahayata.de\/wp-content\/uploads\/Macro20x30-2026_1-scaled.png 2560w, https:\/\/sahayata.de\/wp-content\/uploads\/Macro20x30-2026_1-300x200.png 300w, https:\/\/sahayata.de\/wp-content\/uploads\/Macro20x30-2026_1-1024x682.png 1024w, https:\/\/sahayata.de\/wp-content\/uploads\/Macro20x30-2026_1-768x511.png 768w, https:\/\/sahayata.de\/wp-content\/uploads\/Macro20x30-2026_1-1536x1023.png 1536w, https:\/\/sahayata.de\/wp-content\/uploads\/Macro20x30-2026_1-2048x1364.png 2048w\" sizes=\"auto, (max-width: 2560px) 100vw, 2560px\" \/><\/a><\/p>\n<p style=\"text-align: center;\"><a href=\"https:\/\/sahayata.de\/wp-content\/uploads\/Macro20x30-2026.pdf\" target=\"_blank\" rel=\"noopener\">The Art of Small Things<\/a><\/p>\n<p>\u00a0<\/p>\n<p style=\"text-align: center;\"><a href=\"https:\/\/sahayata.de\/wp-content\/uploads\/Penzberg-Fotogruppe-2026-klein-30x20-1.pdf\" target=\"_blank\" rel=\"noopener\" data-wp-editing=\"1\"><img loading=\"lazy\" decoding=\"async\" class=\"alignnone size-full wp-image-1813\" src=\"https:\/\/sahayata.de\/wp-content\/uploads\/Penzberg-Fotogruppe-2026-klein-30x20-1.png\" alt=\"\" width=\"2264\" height=\"1508\" srcset=\"https:\/\/sahayata.de\/wp-content\/uploads\/Penzberg-Fotogruppe-2026-klein-30x20-1.png 2264w, https:\/\/sahayata.de\/wp-content\/uploads\/Penzberg-Fotogruppe-2026-klein-30x20-1-300x200.png 300w, https:\/\/sahayata.de\/wp-content\/uploads\/Penzberg-Fotogruppe-2026-klein-30x20-1-1024x682.png 1024w, https:\/\/sahayata.de\/wp-content\/uploads\/Penzberg-Fotogruppe-2026-klein-30x20-1-768x512.png 768w, https:\/\/sahayata.de\/wp-content\/uploads\/Penzberg-Fotogruppe-2026-klein-30x20-1-1536x1023.png 1536w, https:\/\/sahayata.de\/wp-content\/uploads\/Penzberg-Fotogruppe-2026-klein-30x20-1-2048x1364.png 2048w\" sizes=\"auto, (max-width: 2264px) 100vw, 2264px\" \/><\/a><\/p>\n<p style=\"text-align: center;\"><a href=\"https:\/\/sahayata.de\/wp-content\/uploads\/Penzberg-Fotogruppe-2026-klein-30x20-1.pdf\" target=\"_blank\" rel=\"noopener\">Rund um Penzberg<\/a><\/p>\n<p>\u00a0<\/p>\n<p><a href=\"https:\/\/sahayata.de\/wp-content\/uploads\/Berge20x30-2026.pdf\" target=\"_blank\" rel=\"noopener\"><img loading=\"lazy\" decoding=\"async\" class=\"alignnone size-full wp-image-1843\" src=\"https:\/\/sahayata.de\/wp-content\/uploads\/Berge20x30-2026_1-scaled.png\" alt=\"\" width=\"2560\" height=\"1705\" srcset=\"https:\/\/sahayata.de\/wp-content\/uploads\/Berge20x30-2026_1-scaled.png 2560w, https:\/\/sahayata.de\/wp-content\/uploads\/Berge20x30-2026_1-300x200.png 300w, https:\/\/sahayata.de\/wp-content\/uploads\/Berge20x30-2026_1-1024x682.png 1024w, https:\/\/sahayata.de\/wp-content\/uploads\/Berge20x30-2026_1-768x511.png 768w, https:\/\/sahayata.de\/wp-content\/uploads\/Berge20x30-2026_1-1536x1023.png 1536w, https:\/\/sahayata.de\/wp-content\/uploads\/Berge20x30-2026_1-2048x1364.png 2048w\" sizes=\"auto, (max-width: 2560px) 100vw, 2560px\" \/><\/a><\/p>\n<p style=\"text-align: center;\"><a href=\"https:\/\/sahayata.de\/wp-content\/uploads\/Berge20x30-2026.pdf\" target=\"_blank\" rel=\"noopener\">Berge 2026<\/a><\/p>\n<p>\u00a0<\/p>\n<p style=\"text-align: left;\">\u00a0<\/p>\n<h4 id=\"Versandkosten\"><strong>Versandkosten<\/strong>:<\/h4>\n<p>Wir versenden \u00fcber DHL und verrechnen die dort aktuellen <a href=\"https:\/\/www.dhl.de\/de\/privatkunden\/pakete-versenden\/deutschlandweit-versenden\/preise-national.html\" target=\"_blank\" rel=\"noopener\">Versandkosten<\/a>.<\/p>\n<p>F\u00fcr die DIN A 4 Kalenderbestellungen ergeben sich<\/p>\n<p>bis 2 Kalender 4,19 \u20ac Versandkosten,<\/p>\n<p>bis 4 Kalender 5,19 \u20ac Versandkosten,<\/p>\n<p>ab 5 Kalender 7,69 \u20ac Versandkosten<\/p>\n<p>F\u00fcr die DIN A 3 Kalenderbestellungen ergeben sich 6,99 \u20ac Versandkosten<\/p>\n<h4><strong><span style=\"text-decoration: underline;\">Gru\u00dfkarten und Poster:<\/span><\/strong><\/h4>\n<p>Wir bieten f\u00fcr viele Themen und Anl\u00e4ssen Gru\u00dfkarten und Poster an.<\/p>\n<p>Bitte hier gesondert anfragen.<\/p>\n<p><strong>Bestellungen bitte an: <\/strong><a href=\"mailto:info@sahayata.de\"><strong>info@sahayata.de<\/strong><\/a><\/p>\n\n\n<p><\/p>\n","protected":false},"excerpt":{"rendered":"<p>Kaufen hilft! Mit dem Kauf unserer Kalender, Poster und Postkarten unterst\u00fctzen Sie unsere SAHAYATA Projekte Sundarijal, DSA und Indonesien. Dieses Jahr bieten wir die Kalender in 2 Gr\u00f6\u00dfen (DIN A 4 und DIN A 3) an.Bitte bei der Bestellung mit &hellip; <a href=\"https:\/\/sahayata.de\/en\/shop\/\">Continue reading <span class=\"meta-nav\">&rarr;<\/span><\/a><\/p>\n","protected":false},"author":1,"featured_media":0,"parent":0,"menu_order":0,"comment_status":"closed","ping_status":"open","template":"","meta":{"footnotes":""},"class_list":["post-717","page","type-page","status-publish","hentry"],"translation":{"provider":"WPGlobus","version":"3.0.2","language":"en","enabled_languages":["de","en"],"languages":{"de":{"title":true,"content":true,"excerpt":false},"en":{"title":false,"content":false,"excerpt":false}}},"_links":{"self":[{"href":"https:\/\/sahayata.de\/en\/wp-json\/wp\/v2\/pages\/717","targetHints":{"allow":["GET"]}}],"collection":[{"href":"https:\/\/sahayata.de\/en\/wp-json\/wp\/v2\/pages"}],"about":[{"href":"https:\/\/sahayata.de\/en\/wp-json\/wp\/v2\/types\/page"}],"author":[{"embeddable":true,"href":"https:\/\/sahayata.de\/en\/wp-json\/wp\/v2\/users\/1"}],"replies":[{"embeddable":true,"href":"https:\/\/sahayata.de\/en\/wp-json\/wp\/v2\/comments?post=717"}],"version-history":[{"count":106,"href":"https:\/\/sahayata.de\/en\/wp-json\/wp\/v2\/pages\/717\/revisions"}],"predecessor-version":[{"id":1850,"href":"https:\/\/sahayata.de\/en\/wp-json\/wp\/v2\/pages\/717\/revisions\/1850"}],"wp:attachment":[{"href":"https:\/\/sahayata.de\/en\/wp-json\/wp\/v2\/media?parent=717"}],"curies":[{"name":"wp","href":"https:\/\/api.w.org\/{rel}","templated":true}]}}